{"id":12,"date":"2024-05-19T21:27:58","date_gmt":"2024-05-19T21:27:58","guid":{"rendered":"https:\/\/150.136.255.103\/?page_id=12"},"modified":"2024-05-19T22:53:15","modified_gmt":"2024-05-19T22:53:15","slug":"__trashed-10","status":"publish","type":"page","link":"https:\/\/envioexpresso.org\/?page_id=12","title":{"rendered":"RECARGAS DE CELULAR"},"content":{"rendered":"\n<p class=\"has-text-align-center\">Ofrecemos servicio de recargas aqu\u00ed en Envio Expresso Inc con los mejores planes en todo el mercado. Tenemos varias compa\u00f1\u00edas que nos dejan ofrecerles recargas a todo Sur Am\u00e9rica y Centro Am\u00e9rica. Si tienes alguna pregunta sobre los precios, ll\u00e1manos al tel\u00e9fono +1 (708)-345-5327!<\/p>\n\n\n\n<div class=\"wp-block-buttons is-content-justification-center is-layout-flex wp-container-core-buttons-is-layout-a89b3969 wp-block-buttons-is-layout-flex\">\n<div class=\"wp-block-button\"><a class=\"wp-block-button__link has-text-align-center wp-element-button\" href=\"https:\/\/envioexpresso.org\">Regresar a p\u00e1gina principal<\/a><\/div>\n<\/div>\n\n\n\n<figure class=\"wp-block-image aligncenter size-full\"><img loading=\"lazy\" decoding=\"async\" width=\"140\" height=\"68\" src=\"https:\/\/envioexpresso.org\/wp-content\/uploads\/2024\/05\/easycalllogo.png\" alt=\"\" class=\"wp-image-129\"\/><\/figure>\n\n\n\n<figure class=\"wp-block-image aligncenter size-full is-resized\"><img loading=\"lazy\" decoding=\"async\" width=\"275\" height=\"230\" src=\"https:\/\/envioexpresso.org\/wp-content\/uploads\/2024\/05\/dezco.png\" alt=\"\" class=\"wp-image-130\" style=\"width:152px;height:auto\"\/><\/figure>\n\n\n\n<figure class=\"wp-block-image aligncenter size-full\"><img loading=\"lazy\" decoding=\"async\" width=\"300\" height=\"338\" src=\"https:\/\/envioexpresso.org\/wp-content\/uploads\/2024\/05\/bossrev.png\" alt=\"\" class=\"wp-image-131\" srcset=\"https:\/\/envioexpresso.org\/wp-content\/uploads\/2024\/05\/bossrev.png 300w, https:\/\/envioexpresso.org\/wp-content\/uploads\/2024\/05\/bossrev-266x300.png 266w\" sizes=\"auto, (max-width: 300px) 100vw, 300px\" \/><\/figure>\n","protected":false},"excerpt":{"rendered":"<p>Ofrecemos servicio de recargas aqu\u00ed en Envio Expresso Inc con los mejores planes en todo el mercado. Tenemos varias compa\u00f1\u00edas que nos dejan ofrecerles recargas a todo Sur Am\u00e9rica y Centro Am\u00e9rica. Si tienes alguna pregunta sobre los precios, ll\u00e1manos al tel\u00e9fono +1 (708)-345-5327!<\/p>\n","protected":false},"author":1,"featured_media":0,"parent":0,"menu_order":0,"comment_status":"closed","ping_status":"closed","template":"","meta":{"footnotes":""},"class_list":["post-12","page","type-page","status-publish","hentry"],"yoast_head":"<!-- This site is optimized with the Yoast SEO plugin v27.0 - https:\/\/yoast.com\/product\/yoast-seo-wordpress\/ -->\n<title>RECARGAS DE CELULAR - Envio Expresso Inc<\/title>\n<meta name=\"description\" content=\"En Envio Expresso, ofrecemos recargas de celular a tel\u00e9fonos de Latinoam\u00e9rica y Centroamerica.\" \/>\n<meta name=\"robots\" content=\"index, follow, max-snippet:-1, max-image-preview:large, max-video-preview:-1\" \/>\n<link rel=\"canonical\" href=\"https:\/\/envioexpresso.org\/?page_id=12\" \/>\n<meta property=\"og:locale\" content=\"en_US\" \/>\n<meta property=\"og:type\" content=\"article\" \/>\n<meta property=\"og:title\" content=\"RECARGAS DE CELULAR - Envio Expresso Inc\" \/>\n<meta property=\"og:description\" content=\"En Envio Expresso, ofrecemos recargas de celular a tel\u00e9fonos de Latinoam\u00e9rica y Centroamerica.\" \/>\n<meta property=\"og:url\" content=\"https:\/\/envioexpresso.org\/?page_id=12\" \/>\n<meta property=\"og:site_name\" content=\"Envio Expresso Inc\" \/>\n<meta property=\"article:publisher\" content=\"https:\/\/facebook.com\/people\/Envio-Expresso-Inc\/100063706296682\/\" \/>\n<meta property=\"article:modified_time\" content=\"2024-05-19T22:53:15+00:00\" \/>\n<meta property=\"og:image\" content=\"https:\/\/envioexpresso.org\/wp-content\/uploads\/2024\/05\/easycalllogo.png\" \/>\n<meta name=\"twitter:card\" content=\"summary_large_image\" \/>\n<meta name=\"twitter:label1\" content=\"Est. reading time\" \/>\n\t<meta name=\"twitter:data1\" content=\"1 minute\" \/>\n<script type=\"application\/ld+json\" class=\"yoast-schema-graph\">{\"@context\":\"https:\/\/schema.org\",\"@graph\":[{\"@type\":\"WebPage\",\"@id\":\"https:\/\/envioexpresso.org\/?page_id=12\",\"url\":\"https:\/\/envioexpresso.org\/?page_id=12\",\"name\":\"RECARGAS DE CELULAR - Envio Expresso Inc\",\"isPartOf\":{\"@id\":\"https:\/\/envioexpresso.org\/#website\"},\"primaryImageOfPage\":{\"@id\":\"https:\/\/envioexpresso.org\/?page_id=12#primaryimage\"},\"image\":{\"@id\":\"https:\/\/envioexpresso.org\/?page_id=12#primaryimage\"},\"thumbnailUrl\":\"https:\/\/envioexpresso.org\/wp-content\/uploads\/2024\/05\/easycalllogo.png\",\"datePublished\":\"2024-05-19T21:27:58+00:00\",\"dateModified\":\"2024-05-19T22:53:15+00:00\",\"description\":\"En Envio Expresso, ofrecemos recargas de celular a tel\u00e9fonos de Latinoam\u00e9rica y Centroamerica.\",\"breadcrumb\":{\"@id\":\"https:\/\/envioexpresso.org\/?page_id=12#breadcrumb\"},\"inLanguage\":\"en-US\",\"potentialAction\":[{\"@type\":\"ReadAction\",\"target\":[\"https:\/\/envioexpresso.org\/?page_id=12\"]}]},{\"@type\":\"ImageObject\",\"inLanguage\":\"en-US\",\"@id\":\"https:\/\/envioexpresso.org\/?page_id=12#primaryimage\",\"url\":\"https:\/\/envioexpresso.org\/wp-content\/uploads\/2024\/05\/easycalllogo.png\",\"contentUrl\":\"https:\/\/envioexpresso.org\/wp-content\/uploads\/2024\/05\/easycalllogo.png\",\"width\":140,\"height\":68},{\"@type\":\"BreadcrumbList\",\"@id\":\"https:\/\/envioexpresso.org\/?page_id=12#breadcrumb\",\"itemListElement\":[{\"@type\":\"ListItem\",\"position\":1,\"name\":\"Home\",\"item\":\"https:\/\/envioexpresso.org\/\"},{\"@type\":\"ListItem\",\"position\":2,\"name\":\"RECARGAS DE CELULAR\"}]},{\"@type\":\"WebSite\",\"@id\":\"https:\/\/envioexpresso.org\/#website\",\"url\":\"https:\/\/envioexpresso.org\/\",\"name\":\"Envio Expresso Inc\",\"description\":\"Servicio bueno y precios buenisimos\",\"publisher\":{\"@id\":\"https:\/\/envioexpresso.org\/#organization\"},\"potentialAction\":[{\"@type\":\"SearchAction\",\"target\":{\"@type\":\"EntryPoint\",\"urlTemplate\":\"https:\/\/envioexpresso.org\/?s={search_term_string}\"},\"query-input\":{\"@type\":\"PropertyValueSpecification\",\"valueRequired\":true,\"valueName\":\"search_term_string\"}}],\"inLanguage\":\"en-US\"},{\"@type\":\"Organization\",\"@id\":\"https:\/\/envioexpresso.org\/#organization\",\"name\":\"Envio Expresso Inc\",\"url\":\"https:\/\/envioexpresso.org\/\",\"logo\":{\"@type\":\"ImageObject\",\"inLanguage\":\"en-US\",\"@id\":\"https:\/\/envioexpresso.org\/#\/schema\/logo\/image\/\",\"url\":\"https:\/\/envioexpresso.org\/wp-content\/uploads\/2024\/05\/Yellow_and_White_Cute_Playful_Fun_Waffles_Food_Circle_Logo-removebg-preview.png\",\"contentUrl\":\"https:\/\/envioexpresso.org\/wp-content\/uploads\/2024\/05\/Yellow_and_White_Cute_Playful_Fun_Waffles_Food_Circle_Logo-removebg-preview.png\",\"width\":500,\"height\":500,\"caption\":\"Envio Expresso Inc\"},\"image\":{\"@id\":\"https:\/\/envioexpresso.org\/#\/schema\/logo\/image\/\"},\"sameAs\":[\"https:\/\/facebook.com\/people\/Envio-Expresso-Inc\/100063706296682\/\"]}]}<\/script>\n<!-- \/ Yoast SEO plugin. -->","yoast_head_json":{"title":"RECARGAS DE CELULAR - Envio Expresso Inc","description":"En Envio Expresso, ofrecemos recargas de celular a tel\u00e9fonos de Latinoam\u00e9rica y Centroamerica.","robots":{"index":"index","follow":"follow","max-snippet":"max-snippet:-1","max-image-preview":"max-image-preview:large","max-video-preview":"max-video-preview:-1"},"canonical":"https:\/\/envioexpresso.org\/?page_id=12","og_locale":"en_US","og_type":"article","og_title":"RECARGAS DE CELULAR - Envio Expresso Inc","og_description":"En Envio Expresso, ofrecemos recargas de celular a tel\u00e9fonos de Latinoam\u00e9rica y Centroamerica.","og_url":"https:\/\/envioexpresso.org\/?page_id=12","og_site_name":"Envio Expresso Inc","article_publisher":"https:\/\/facebook.com\/people\/Envio-Expresso-Inc\/100063706296682\/","article_modified_time":"2024-05-19T22:53:15+00:00","og_image":[{"url":"https:\/\/envioexpresso.org\/wp-content\/uploads\/2024\/05\/easycalllogo.png","type":"","width":"","height":""}],"twitter_card":"summary_large_image","twitter_misc":{"Est. reading time":"1 minute"},"schema":{"@context":"https:\/\/schema.org","@graph":[{"@type":"WebPage","@id":"https:\/\/envioexpresso.org\/?page_id=12","url":"https:\/\/envioexpresso.org\/?page_id=12","name":"RECARGAS DE CELULAR - Envio Expresso Inc","isPartOf":{"@id":"https:\/\/envioexpresso.org\/#website"},"primaryImageOfPage":{"@id":"https:\/\/envioexpresso.org\/?page_id=12#primaryimage"},"image":{"@id":"https:\/\/envioexpresso.org\/?page_id=12#primaryimage"},"thumbnailUrl":"https:\/\/envioexpresso.org\/wp-content\/uploads\/2024\/05\/easycalllogo.png","datePublished":"2024-05-19T21:27:58+00:00","dateModified":"2024-05-19T22:53:15+00:00","description":"En Envio Expresso, ofrecemos recargas de celular a tel\u00e9fonos de Latinoam\u00e9rica y Centroamerica.","breadcrumb":{"@id":"https:\/\/envioexpresso.org\/?page_id=12#breadcrumb"},"inLanguage":"en-US","potentialAction":[{"@type":"ReadAction","target":["https:\/\/envioexpresso.org\/?page_id=12"]}]},{"@type":"ImageObject","inLanguage":"en-US","@id":"https:\/\/envioexpresso.org\/?page_id=12#primaryimage","url":"https:\/\/envioexpresso.org\/wp-content\/uploads\/2024\/05\/easycalllogo.png","contentUrl":"https:\/\/envioexpresso.org\/wp-content\/uploads\/2024\/05\/easycalllogo.png","width":140,"height":68},{"@type":"BreadcrumbList","@id":"https:\/\/envioexpresso.org\/?page_id=12#breadcrumb","itemListElement":[{"@type":"ListItem","position":1,"name":"Home","item":"https:\/\/envioexpresso.org\/"},{"@type":"ListItem","position":2,"name":"RECARGAS DE CELULAR"}]},{"@type":"WebSite","@id":"https:\/\/envioexpresso.org\/#website","url":"https:\/\/envioexpresso.org\/","name":"Envio Expresso Inc","description":"Servicio bueno y precios buenisimos","publisher":{"@id":"https:\/\/envioexpresso.org\/#organization"},"potentialAction":[{"@type":"SearchAction","target":{"@type":"EntryPoint","urlTemplate":"https:\/\/envioexpresso.org\/?s={search_term_string}"},"query-input":{"@type":"PropertyValueSpecification","valueRequired":true,"valueName":"search_term_string"}}],"inLanguage":"en-US"},{"@type":"Organization","@id":"https:\/\/envioexpresso.org\/#organization","name":"Envio Expresso Inc","url":"https:\/\/envioexpresso.org\/","logo":{"@type":"ImageObject","inLanguage":"en-US","@id":"https:\/\/envioexpresso.org\/#\/schema\/logo\/image\/","url":"https:\/\/envioexpresso.org\/wp-content\/uploads\/2024\/05\/Yellow_and_White_Cute_Playful_Fun_Waffles_Food_Circle_Logo-removebg-preview.png","contentUrl":"https:\/\/envioexpresso.org\/wp-content\/uploads\/2024\/05\/Yellow_and_White_Cute_Playful_Fun_Waffles_Food_Circle_Logo-removebg-preview.png","width":500,"height":500,"caption":"Envio Expresso Inc"},"image":{"@id":"https:\/\/envioexpresso.org\/#\/schema\/logo\/image\/"},"sameAs":["https:\/\/facebook.com\/people\/Envio-Expresso-Inc\/100063706296682\/"]}]}},"_links":{"self":[{"href":"https:\/\/envioexpresso.org\/index.php?rest_route=\/wp\/v2\/pages\/12","targetHints":{"allow":["GET"]}}],"collection":[{"href":"https:\/\/envioexpresso.org\/index.php?rest_route=\/wp\/v2\/pages"}],"about":[{"href":"https:\/\/envioexpresso.org\/index.php?rest_route=\/wp\/v2\/types\/page"}],"author":[{"embeddable":true,"href":"https:\/\/envioexpresso.org\/index.php?rest_route=\/wp\/v2\/users\/1"}],"replies":[{"embeddable":true,"href":"https:\/\/envioexpresso.org\/index.php?rest_route=%2Fwp%2Fv2%2Fcomments&post=12"}],"version-history":[{"count":3,"href":"https:\/\/envioexpresso.org\/index.php?rest_route=\/wp\/v2\/pages\/12\/revisions"}],"predecessor-version":[{"id":137,"href":"https:\/\/envioexpresso.org\/index.php?rest_route=\/wp\/v2\/pages\/12\/revisions\/137"}],"wp:attachment":[{"href":"https:\/\/envioexpresso.org\/index.php?rest_route=%2Fwp%2Fv2%2Fmedia&parent=12"}],"curies":[{"name":"wp","href":"https:\/\/api.w.org\/{rel}","templated":true}]}}