{"id":14,"date":"2024-05-19T21:27:44","date_gmt":"2024-05-19T21:27:44","guid":{"rendered":"https:\/\/150.136.255.103\/?page_id=14"},"modified":"2024-05-20T03:21:37","modified_gmt":"2024-05-20T03:21:37","slug":"notaria-poderes-y-traducciones","status":"publish","type":"page","link":"https:\/\/envioexpresso.org\/?page_id=14","title":{"rendered":"NOTAR\u00cdA, PODERES Y TRADUCCIONES"},"content":{"rendered":"\n<p class=\"has-text-align-center\">\u00bfNecesita una carta notarizada? Aqu\u00ed en Envio Expresso ofrecemos el servicio de sello notarial de documentos a precio razonable. Tambi\u00e9n hacemos poderes para M\u00e9xico.<\/p>\n\n\n\n<p class=\"has-text-align-center\">Si necesita una traducci\u00f3n de certificados de nacimiento, bautismo, o cualquier otro documento legal lo puedes hacer hoy en Envio Expresso. \u00a1Nuestros precios son muy competitivos! Si tienes alguna pregunta, por favor ll\u00e1manos al tel\u00e9fono +1 (708)-345-5327.<\/p>\n\n\n\n<div class=\"wp-block-buttons is-content-justification-center is-layout-flex wp-container-core-buttons-is-layout-a89b3969 wp-block-buttons-is-layout-flex\">\n<div class=\"wp-block-button\"><a class=\"wp-block-button__link has-text-align-center wp-element-button\" href=\"https:\/\/envioexpresso.org\">Regresar a p\u00e1gina principal<\/a><\/div>\n<\/div>\n\n\n\n<figure class=\"wp-block-image aligncenter size-full is-resized\"><img loading=\"lazy\" decoding=\"async\" width=\"1024\" height=\"683\" src=\"https:\/\/envioexpresso.org\/wp-content\/uploads\/2024\/05\/notary1.jpg\" alt=\"\" class=\"wp-image-181\" style=\"width:477px;height:auto\" srcset=\"https:\/\/envioexpresso.org\/wp-content\/uploads\/2024\/05\/notary1.jpg 1024w, https:\/\/envioexpresso.org\/wp-content\/uploads\/2024\/05\/notary1-300x200.jpg 300w, https:\/\/envioexpresso.org\/wp-content\/uploads\/2024\/05\/notary1-768x512.jpg 768w\" sizes=\"auto, (max-width: 1024px) 100vw, 1024px\" \/><\/figure>\n","protected":false},"excerpt":{"rendered":"<p>\u00bfNecesita una carta notarizada? Aqu\u00ed en Envio Expresso ofrecemos el servicio de sello notarial de documentos a precio razonable. Tambi\u00e9n hacemos poderes para M\u00e9xico. Si necesita una traducci\u00f3n de certificados de nacimiento, bautismo, o cualquier otro documento legal lo puedes hacer hoy en Envio Expresso. \u00a1Nuestros precios son muy competitivos! Si tienes alguna pregunta, por [&hellip;]<\/p>\n","protected":false},"author":1,"featured_media":0,"parent":0,"menu_order":0,"comment_status":"closed","ping_status":"closed","template":"","meta":{"footnotes":""},"class_list":["post-14","page","type-page","status-publish","hentry"],"yoast_head":"<!-- This site is optimized with the Yoast SEO plugin v27.0 - https:\/\/yoast.com\/product\/yoast-seo-wordpress\/ -->\n<title>NOTAR\u00cdA, PODERES Y TRADUCCIONES - Envio Expresso Inc<\/title>\n<meta name=\"description\" content=\"\u00bfNecesita una carta notarizada o una traducci\u00f3n de documento? Aqu\u00ed en Envio Expresso ofrecemos el servicio de sello notarial de documentos a precio razonable. Tambi\u00e9n hacemos poderes para M\u00e9xico.\" \/>\n<meta name=\"robots\" content=\"index, follow, max-snippet:-1, max-image-preview:large, max-video-preview:-1\" \/>\n<link rel=\"canonical\" href=\"https:\/\/envioexpresso.org\/?page_id=14\" \/>\n<meta property=\"og:locale\" content=\"en_US\" \/>\n<meta property=\"og:type\" content=\"article\" \/>\n<meta property=\"og:title\" content=\"NOTAR\u00cdA, PODERES Y TRADUCCIONES - Envio Expresso Inc\" \/>\n<meta property=\"og:description\" content=\"\u00bfNecesita una carta notarizada o una traducci\u00f3n de documento? Aqu\u00ed en Envio Expresso ofrecemos el servicio de sello notarial de documentos a precio razonable. Tambi\u00e9n hacemos poderes para M\u00e9xico.\" \/>\n<meta property=\"og:url\" content=\"https:\/\/envioexpresso.org\/?page_id=14\" \/>\n<meta property=\"og:site_name\" content=\"Envio Expresso Inc\" \/>\n<meta property=\"article:publisher\" content=\"https:\/\/facebook.com\/people\/Envio-Expresso-Inc\/100063706296682\/\" \/>\n<meta property=\"article:modified_time\" content=\"2024-05-20T03:21:37+00:00\" \/>\n<meta property=\"og:image\" content=\"https:\/\/envioexpresso.org\/wp-content\/uploads\/2024\/05\/notary1.jpg\" \/>\n<meta name=\"twitter:card\" content=\"summary_large_image\" \/>\n<meta name=\"twitter:label1\" content=\"Est. reading time\" \/>\n\t<meta name=\"twitter:data1\" content=\"1 minute\" \/>\n<script type=\"application\/ld+json\" class=\"yoast-schema-graph\">{\"@context\":\"https:\/\/schema.org\",\"@graph\":[{\"@type\":\"WebPage\",\"@id\":\"https:\/\/envioexpresso.org\/?page_id=14\",\"url\":\"https:\/\/envioexpresso.org\/?page_id=14\",\"name\":\"NOTAR\u00cdA, PODERES Y TRADUCCIONES - Envio Expresso Inc\",\"isPartOf\":{\"@id\":\"https:\/\/envioexpresso.org\/#website\"},\"primaryImageOfPage\":{\"@id\":\"https:\/\/envioexpresso.org\/?page_id=14#primaryimage\"},\"image\":{\"@id\":\"https:\/\/envioexpresso.org\/?page_id=14#primaryimage\"},\"thumbnailUrl\":\"https:\/\/envioexpresso.org\/wp-content\/uploads\/2024\/05\/notary1.jpg\",\"datePublished\":\"2024-05-19T21:27:44+00:00\",\"dateModified\":\"2024-05-20T03:21:37+00:00\",\"description\":\"\u00bfNecesita una carta notarizada o una traducci\u00f3n de documento? Aqu\u00ed en Envio Expresso ofrecemos el servicio de sello notarial de documentos a precio razonable. Tambi\u00e9n hacemos poderes para M\u00e9xico.\",\"breadcrumb\":{\"@id\":\"https:\/\/envioexpresso.org\/?page_id=14#breadcrumb\"},\"inLanguage\":\"en-US\",\"potentialAction\":[{\"@type\":\"ReadAction\",\"target\":[\"https:\/\/envioexpresso.org\/?page_id=14\"]}]},{\"@type\":\"ImageObject\",\"inLanguage\":\"en-US\",\"@id\":\"https:\/\/envioexpresso.org\/?page_id=14#primaryimage\",\"url\":\"https:\/\/envioexpresso.org\/wp-content\/uploads\/2024\/05\/notary1.jpg\",\"contentUrl\":\"https:\/\/envioexpresso.org\/wp-content\/uploads\/2024\/05\/notary1.jpg\",\"width\":1024,\"height\":683},{\"@type\":\"BreadcrumbList\",\"@id\":\"https:\/\/envioexpresso.org\/?page_id=14#breadcrumb\",\"itemListElement\":[{\"@type\":\"ListItem\",\"position\":1,\"name\":\"Home\",\"item\":\"https:\/\/envioexpresso.org\/\"},{\"@type\":\"ListItem\",\"position\":2,\"name\":\"NOTAR\u00cdA, PODERES Y TRADUCCIONES\"}]},{\"@type\":\"WebSite\",\"@id\":\"https:\/\/envioexpresso.org\/#website\",\"url\":\"https:\/\/envioexpresso.org\/\",\"name\":\"Envio Expresso Inc\",\"description\":\"Servicio bueno y precios buenisimos\",\"publisher\":{\"@id\":\"https:\/\/envioexpresso.org\/#organization\"},\"potentialAction\":[{\"@type\":\"SearchAction\",\"target\":{\"@type\":\"EntryPoint\",\"urlTemplate\":\"https:\/\/envioexpresso.org\/?s={search_term_string}\"},\"query-input\":{\"@type\":\"PropertyValueSpecification\",\"valueRequired\":true,\"valueName\":\"search_term_string\"}}],\"inLanguage\":\"en-US\"},{\"@type\":\"Organization\",\"@id\":\"https:\/\/envioexpresso.org\/#organization\",\"name\":\"Envio Expresso Inc\",\"url\":\"https:\/\/envioexpresso.org\/\",\"logo\":{\"@type\":\"ImageObject\",\"inLanguage\":\"en-US\",\"@id\":\"https:\/\/envioexpresso.org\/#\/schema\/logo\/image\/\",\"url\":\"https:\/\/envioexpresso.org\/wp-content\/uploads\/2024\/05\/Yellow_and_White_Cute_Playful_Fun_Waffles_Food_Circle_Logo-removebg-preview.png\",\"contentUrl\":\"https:\/\/envioexpresso.org\/wp-content\/uploads\/2024\/05\/Yellow_and_White_Cute_Playful_Fun_Waffles_Food_Circle_Logo-removebg-preview.png\",\"width\":500,\"height\":500,\"caption\":\"Envio Expresso Inc\"},\"image\":{\"@id\":\"https:\/\/envioexpresso.org\/#\/schema\/logo\/image\/\"},\"sameAs\":[\"https:\/\/facebook.com\/people\/Envio-Expresso-Inc\/100063706296682\/\"]}]}<\/script>\n<!-- \/ Yoast SEO plugin. -->","yoast_head_json":{"title":"NOTAR\u00cdA, PODERES Y TRADUCCIONES - Envio Expresso Inc","description":"\u00bfNecesita una carta notarizada o una traducci\u00f3n de documento? Aqu\u00ed en Envio Expresso ofrecemos el servicio de sello notarial de documentos a precio razonable. Tambi\u00e9n hacemos poderes para M\u00e9xico.","robots":{"index":"index","follow":"follow","max-snippet":"max-snippet:-1","max-image-preview":"max-image-preview:large","max-video-preview":"max-video-preview:-1"},"canonical":"https:\/\/envioexpresso.org\/?page_id=14","og_locale":"en_US","og_type":"article","og_title":"NOTAR\u00cdA, PODERES Y TRADUCCIONES - Envio Expresso Inc","og_description":"\u00bfNecesita una carta notarizada o una traducci\u00f3n de documento? Aqu\u00ed en Envio Expresso ofrecemos el servicio de sello notarial de documentos a precio razonable. Tambi\u00e9n hacemos poderes para M\u00e9xico.","og_url":"https:\/\/envioexpresso.org\/?page_id=14","og_site_name":"Envio Expresso Inc","article_publisher":"https:\/\/facebook.com\/people\/Envio-Expresso-Inc\/100063706296682\/","article_modified_time":"2024-05-20T03:21:37+00:00","og_image":[{"url":"https:\/\/envioexpresso.org\/wp-content\/uploads\/2024\/05\/notary1.jpg","type":"","width":"","height":""}],"twitter_card":"summary_large_image","twitter_misc":{"Est. reading time":"1 minute"},"schema":{"@context":"https:\/\/schema.org","@graph":[{"@type":"WebPage","@id":"https:\/\/envioexpresso.org\/?page_id=14","url":"https:\/\/envioexpresso.org\/?page_id=14","name":"NOTAR\u00cdA, PODERES Y TRADUCCIONES - Envio Expresso Inc","isPartOf":{"@id":"https:\/\/envioexpresso.org\/#website"},"primaryImageOfPage":{"@id":"https:\/\/envioexpresso.org\/?page_id=14#primaryimage"},"image":{"@id":"https:\/\/envioexpresso.org\/?page_id=14#primaryimage"},"thumbnailUrl":"https:\/\/envioexpresso.org\/wp-content\/uploads\/2024\/05\/notary1.jpg","datePublished":"2024-05-19T21:27:44+00:00","dateModified":"2024-05-20T03:21:37+00:00","description":"\u00bfNecesita una carta notarizada o una traducci\u00f3n de documento? Aqu\u00ed en Envio Expresso ofrecemos el servicio de sello notarial de documentos a precio razonable. Tambi\u00e9n hacemos poderes para M\u00e9xico.","breadcrumb":{"@id":"https:\/\/envioexpresso.org\/?page_id=14#breadcrumb"},"inLanguage":"en-US","potentialAction":[{"@type":"ReadAction","target":["https:\/\/envioexpresso.org\/?page_id=14"]}]},{"@type":"ImageObject","inLanguage":"en-US","@id":"https:\/\/envioexpresso.org\/?page_id=14#primaryimage","url":"https:\/\/envioexpresso.org\/wp-content\/uploads\/2024\/05\/notary1.jpg","contentUrl":"https:\/\/envioexpresso.org\/wp-content\/uploads\/2024\/05\/notary1.jpg","width":1024,"height":683},{"@type":"BreadcrumbList","@id":"https:\/\/envioexpresso.org\/?page_id=14#breadcrumb","itemListElement":[{"@type":"ListItem","position":1,"name":"Home","item":"https:\/\/envioexpresso.org\/"},{"@type":"ListItem","position":2,"name":"NOTAR\u00cdA, PODERES Y TRADUCCIONES"}]},{"@type":"WebSite","@id":"https:\/\/envioexpresso.org\/#website","url":"https:\/\/envioexpresso.org\/","name":"Envio Expresso Inc","description":"Servicio bueno y precios buenisimos","publisher":{"@id":"https:\/\/envioexpresso.org\/#organization"},"potentialAction":[{"@type":"SearchAction","target":{"@type":"EntryPoint","urlTemplate":"https:\/\/envioexpresso.org\/?s={search_term_string}"},"query-input":{"@type":"PropertyValueSpecification","valueRequired":true,"valueName":"search_term_string"}}],"inLanguage":"en-US"},{"@type":"Organization","@id":"https:\/\/envioexpresso.org\/#organization","name":"Envio Expresso Inc","url":"https:\/\/envioexpresso.org\/","logo":{"@type":"ImageObject","inLanguage":"en-US","@id":"https:\/\/envioexpresso.org\/#\/schema\/logo\/image\/","url":"https:\/\/envioexpresso.org\/wp-content\/uploads\/2024\/05\/Yellow_and_White_Cute_Playful_Fun_Waffles_Food_Circle_Logo-removebg-preview.png","contentUrl":"https:\/\/envioexpresso.org\/wp-content\/uploads\/2024\/05\/Yellow_and_White_Cute_Playful_Fun_Waffles_Food_Circle_Logo-removebg-preview.png","width":500,"height":500,"caption":"Envio Expresso Inc"},"image":{"@id":"https:\/\/envioexpresso.org\/#\/schema\/logo\/image\/"},"sameAs":["https:\/\/facebook.com\/people\/Envio-Expresso-Inc\/100063706296682\/"]}]}},"_links":{"self":[{"href":"https:\/\/envioexpresso.org\/index.php?rest_route=\/wp\/v2\/pages\/14","targetHints":{"allow":["GET"]}}],"collection":[{"href":"https:\/\/envioexpresso.org\/index.php?rest_route=\/wp\/v2\/pages"}],"about":[{"href":"https:\/\/envioexpresso.org\/index.php?rest_route=\/wp\/v2\/types\/page"}],"author":[{"embeddable":true,"href":"https:\/\/envioexpresso.org\/index.php?rest_route=\/wp\/v2\/users\/1"}],"replies":[{"embeddable":true,"href":"https:\/\/envioexpresso.org\/index.php?rest_route=%2Fwp%2Fv2%2Fcomments&post=14"}],"version-history":[{"count":2,"href":"https:\/\/envioexpresso.org\/index.php?rest_route=\/wp\/v2\/pages\/14\/revisions"}],"predecessor-version":[{"id":182,"href":"https:\/\/envioexpresso.org\/index.php?rest_route=\/wp\/v2\/pages\/14\/revisions\/182"}],"wp:attachment":[{"href":"https:\/\/envioexpresso.org\/index.php?rest_route=%2Fwp%2Fv2%2Fmedia&parent=14"}],"curies":[{"name":"wp","href":"https:\/\/api.w.org\/{rel}","templated":true}]}}