{"id":15,"date":"2024-05-19T21:27:41","date_gmt":"2024-05-19T21:27:41","guid":{"rendered":"https:\/\/150.136.255.103\/?page_id=15"},"modified":"2024-05-20T03:15:54","modified_gmt":"2024-05-20T03:15:54","slug":"impresiones-copias-y-fax","status":"publish","type":"page","link":"https:\/\/envioexpresso.org\/?page_id=15","title":{"rendered":"IMPRESIONES, COPIAS, Y FAX"},"content":{"rendered":"\n<p class=\"has-text-align-center\">Ofrecemos servicios de impresiones, copias y fax aqu\u00ed en Envio Expresso por el precio m\u00e1s barato del \u00e1rea. Por favor nota que copias e impresiones tienen l\u00edmites. Si tienes alguna pregunta, por favor ll\u00e1manos al tel\u00e9fono +1 (708)-345-5327.<\/p>\n\n\n\n<div class=\"wp-block-buttons is-content-justification-center is-layout-flex wp-container-core-buttons-is-layout-a89b3969 wp-block-buttons-is-layout-flex\">\n<div class=\"wp-block-button\"><a class=\"wp-block-button__link has-text-align-center wp-element-button\" href=\"https:\/\/envioexpresso.org\">Regresar a p\u00e1gina principal<\/a><\/div>\n<\/div>\n\n\n\n<figure class=\"wp-block-image aligncenter size-full\"><img loading=\"lazy\" decoding=\"async\" width=\"203\" height=\"248\" src=\"https:\/\/envioexpresso.org\/wp-content\/uploads\/2024\/05\/copias3.png\" alt=\"\" class=\"wp-image-159\"\/><\/figure>\n\n\n\n<figure class=\"wp-block-image aligncenter size-full\"><img loading=\"lazy\" decoding=\"async\" width=\"360\" height=\"360\" src=\"https:\/\/envioexpresso.org\/wp-content\/uploads\/2024\/05\/print2-removebg-preview.png\" alt=\"\" class=\"wp-image-161\" srcset=\"https:\/\/envioexpresso.org\/wp-content\/uploads\/2024\/05\/print2-removebg-preview.png 360w, https:\/\/envioexpresso.org\/wp-content\/uploads\/2024\/05\/print2-removebg-preview-300x300.png 300w, https:\/\/envioexpresso.org\/wp-content\/uploads\/2024\/05\/print2-removebg-preview-150x150.png 150w\" sizes=\"auto, (max-width: 360px) 100vw, 360px\" \/><\/figure>\n","protected":false},"excerpt":{"rendered":"<p>Ofrecemos servicios de impresiones, copias y fax aqu\u00ed en Envio Expresso por el precio m\u00e1s barato del \u00e1rea. Por favor nota que copias e impresiones tienen l\u00edmites. Si tienes alguna pregunta, por favor ll\u00e1manos al tel\u00e9fono +1 (708)-345-5327.<\/p>\n","protected":false},"author":1,"featured_media":0,"parent":0,"menu_order":0,"comment_status":"closed","ping_status":"closed","template":"","meta":{"footnotes":""},"class_list":["post-15","page","type-page","status-publish","hentry"],"yoast_head":"<!-- This site is optimized with the Yoast SEO plugin v27.0 - https:\/\/yoast.com\/product\/yoast-seo-wordpress\/ -->\n<title>IMPRESIONES, COPIAS, Y FAX - Envio Expresso Inc<\/title>\n<meta name=\"description\" content=\"Envio Expresso est\u00e1 aqu\u00ed para todas tus necesidades de impresiones copias, y fax! Ofrecemos este servicio al mejor precio del \u00e1rea.\" \/>\n<meta name=\"robots\" content=\"index, follow, max-snippet:-1, max-image-preview:large, max-video-preview:-1\" \/>\n<link rel=\"canonical\" href=\"https:\/\/envioexpresso.org\/?page_id=15\" \/>\n<meta property=\"og:locale\" content=\"en_US\" \/>\n<meta property=\"og:type\" content=\"article\" \/>\n<meta property=\"og:title\" content=\"IMPRESIONES, COPIAS, Y FAX - Envio Expresso Inc\" \/>\n<meta property=\"og:description\" content=\"Envio Expresso est\u00e1 aqu\u00ed para todas tus necesidades de impresiones copias, y fax! Ofrecemos este servicio al mejor precio del \u00e1rea.\" \/>\n<meta property=\"og:url\" content=\"https:\/\/envioexpresso.org\/?page_id=15\" \/>\n<meta property=\"og:site_name\" content=\"Envio Expresso Inc\" \/>\n<meta property=\"article:publisher\" content=\"https:\/\/facebook.com\/people\/Envio-Expresso-Inc\/100063706296682\/\" \/>\n<meta property=\"article:modified_time\" content=\"2024-05-20T03:15:54+00:00\" \/>\n<meta property=\"og:image\" content=\"https:\/\/envioexpresso.org\/wp-content\/uploads\/2024\/05\/copias3.png\" \/>\n<meta name=\"twitter:card\" content=\"summary_large_image\" \/>\n<meta name=\"twitter:label1\" content=\"Est. reading time\" \/>\n\t<meta name=\"twitter:data1\" content=\"1 minute\" \/>\n<script type=\"application\/ld+json\" class=\"yoast-schema-graph\">{\"@context\":\"https:\/\/schema.org\",\"@graph\":[{\"@type\":\"WebPage\",\"@id\":\"https:\/\/envioexpresso.org\/?page_id=15\",\"url\":\"https:\/\/envioexpresso.org\/?page_id=15\",\"name\":\"IMPRESIONES, COPIAS, Y FAX - Envio Expresso Inc\",\"isPartOf\":{\"@id\":\"https:\/\/envioexpresso.org\/#website\"},\"primaryImageOfPage\":{\"@id\":\"https:\/\/envioexpresso.org\/?page_id=15#primaryimage\"},\"image\":{\"@id\":\"https:\/\/envioexpresso.org\/?page_id=15#primaryimage\"},\"thumbnailUrl\":\"https:\/\/envioexpresso.org\/wp-content\/uploads\/2024\/05\/copias3.png\",\"datePublished\":\"2024-05-19T21:27:41+00:00\",\"dateModified\":\"2024-05-20T03:15:54+00:00\",\"description\":\"Envio Expresso est\u00e1 aqu\u00ed para todas tus necesidades de impresiones copias, y fax! Ofrecemos este servicio al mejor precio del \u00e1rea.\",\"breadcrumb\":{\"@id\":\"https:\/\/envioexpresso.org\/?page_id=15#breadcrumb\"},\"inLanguage\":\"en-US\",\"potentialAction\":[{\"@type\":\"ReadAction\",\"target\":[\"https:\/\/envioexpresso.org\/?page_id=15\"]}]},{\"@type\":\"ImageObject\",\"inLanguage\":\"en-US\",\"@id\":\"https:\/\/envioexpresso.org\/?page_id=15#primaryimage\",\"url\":\"https:\/\/envioexpresso.org\/wp-content\/uploads\/2024\/05\/copias3.png\",\"contentUrl\":\"https:\/\/envioexpresso.org\/wp-content\/uploads\/2024\/05\/copias3.png\",\"width\":203,\"height\":248},{\"@type\":\"BreadcrumbList\",\"@id\":\"https:\/\/envioexpresso.org\/?page_id=15#breadcrumb\",\"itemListElement\":[{\"@type\":\"ListItem\",\"position\":1,\"name\":\"Home\",\"item\":\"https:\/\/envioexpresso.org\/\"},{\"@type\":\"ListItem\",\"position\":2,\"name\":\"IMPRESIONES, COPIAS, Y FAX\"}]},{\"@type\":\"WebSite\",\"@id\":\"https:\/\/envioexpresso.org\/#website\",\"url\":\"https:\/\/envioexpresso.org\/\",\"name\":\"Envio Expresso Inc\",\"description\":\"Servicio bueno y precios buenisimos\",\"publisher\":{\"@id\":\"https:\/\/envioexpresso.org\/#organization\"},\"potentialAction\":[{\"@type\":\"SearchAction\",\"target\":{\"@type\":\"EntryPoint\",\"urlTemplate\":\"https:\/\/envioexpresso.org\/?s={search_term_string}\"},\"query-input\":{\"@type\":\"PropertyValueSpecification\",\"valueRequired\":true,\"valueName\":\"search_term_string\"}}],\"inLanguage\":\"en-US\"},{\"@type\":\"Organization\",\"@id\":\"https:\/\/envioexpresso.org\/#organization\",\"name\":\"Envio Expresso Inc\",\"url\":\"https:\/\/envioexpresso.org\/\",\"logo\":{\"@type\":\"ImageObject\",\"inLanguage\":\"en-US\",\"@id\":\"https:\/\/envioexpresso.org\/#\/schema\/logo\/image\/\",\"url\":\"https:\/\/envioexpresso.org\/wp-content\/uploads\/2024\/05\/Yellow_and_White_Cute_Playful_Fun_Waffles_Food_Circle_Logo-removebg-preview.png\",\"contentUrl\":\"https:\/\/envioexpresso.org\/wp-content\/uploads\/2024\/05\/Yellow_and_White_Cute_Playful_Fun_Waffles_Food_Circle_Logo-removebg-preview.png\",\"width\":500,\"height\":500,\"caption\":\"Envio Expresso Inc\"},\"image\":{\"@id\":\"https:\/\/envioexpresso.org\/#\/schema\/logo\/image\/\"},\"sameAs\":[\"https:\/\/facebook.com\/people\/Envio-Expresso-Inc\/100063706296682\/\"]}]}<\/script>\n<!-- \/ Yoast SEO plugin. -->","yoast_head_json":{"title":"IMPRESIONES, COPIAS, Y FAX - Envio Expresso Inc","description":"Envio Expresso est\u00e1 aqu\u00ed para todas tus necesidades de impresiones copias, y fax! Ofrecemos este servicio al mejor precio del \u00e1rea.","robots":{"index":"index","follow":"follow","max-snippet":"max-snippet:-1","max-image-preview":"max-image-preview:large","max-video-preview":"max-video-preview:-1"},"canonical":"https:\/\/envioexpresso.org\/?page_id=15","og_locale":"en_US","og_type":"article","og_title":"IMPRESIONES, COPIAS, Y FAX - Envio Expresso Inc","og_description":"Envio Expresso est\u00e1 aqu\u00ed para todas tus necesidades de impresiones copias, y fax! Ofrecemos este servicio al mejor precio del \u00e1rea.","og_url":"https:\/\/envioexpresso.org\/?page_id=15","og_site_name":"Envio Expresso Inc","article_publisher":"https:\/\/facebook.com\/people\/Envio-Expresso-Inc\/100063706296682\/","article_modified_time":"2024-05-20T03:15:54+00:00","og_image":[{"url":"https:\/\/envioexpresso.org\/wp-content\/uploads\/2024\/05\/copias3.png","type":"","width":"","height":""}],"twitter_card":"summary_large_image","twitter_misc":{"Est. reading time":"1 minute"},"schema":{"@context":"https:\/\/schema.org","@graph":[{"@type":"WebPage","@id":"https:\/\/envioexpresso.org\/?page_id=15","url":"https:\/\/envioexpresso.org\/?page_id=15","name":"IMPRESIONES, COPIAS, Y FAX - Envio Expresso Inc","isPartOf":{"@id":"https:\/\/envioexpresso.org\/#website"},"primaryImageOfPage":{"@id":"https:\/\/envioexpresso.org\/?page_id=15#primaryimage"},"image":{"@id":"https:\/\/envioexpresso.org\/?page_id=15#primaryimage"},"thumbnailUrl":"https:\/\/envioexpresso.org\/wp-content\/uploads\/2024\/05\/copias3.png","datePublished":"2024-05-19T21:27:41+00:00","dateModified":"2024-05-20T03:15:54+00:00","description":"Envio Expresso est\u00e1 aqu\u00ed para todas tus necesidades de impresiones copias, y fax! Ofrecemos este servicio al mejor precio del \u00e1rea.","breadcrumb":{"@id":"https:\/\/envioexpresso.org\/?page_id=15#breadcrumb"},"inLanguage":"en-US","potentialAction":[{"@type":"ReadAction","target":["https:\/\/envioexpresso.org\/?page_id=15"]}]},{"@type":"ImageObject","inLanguage":"en-US","@id":"https:\/\/envioexpresso.org\/?page_id=15#primaryimage","url":"https:\/\/envioexpresso.org\/wp-content\/uploads\/2024\/05\/copias3.png","contentUrl":"https:\/\/envioexpresso.org\/wp-content\/uploads\/2024\/05\/copias3.png","width":203,"height":248},{"@type":"BreadcrumbList","@id":"https:\/\/envioexpresso.org\/?page_id=15#breadcrumb","itemListElement":[{"@type":"ListItem","position":1,"name":"Home","item":"https:\/\/envioexpresso.org\/"},{"@type":"ListItem","position":2,"name":"IMPRESIONES, COPIAS, Y FAX"}]},{"@type":"WebSite","@id":"https:\/\/envioexpresso.org\/#website","url":"https:\/\/envioexpresso.org\/","name":"Envio Expresso Inc","description":"Servicio bueno y precios buenisimos","publisher":{"@id":"https:\/\/envioexpresso.org\/#organization"},"potentialAction":[{"@type":"SearchAction","target":{"@type":"EntryPoint","urlTemplate":"https:\/\/envioexpresso.org\/?s={search_term_string}"},"query-input":{"@type":"PropertyValueSpecification","valueRequired":true,"valueName":"search_term_string"}}],"inLanguage":"en-US"},{"@type":"Organization","@id":"https:\/\/envioexpresso.org\/#organization","name":"Envio Expresso Inc","url":"https:\/\/envioexpresso.org\/","logo":{"@type":"ImageObject","inLanguage":"en-US","@id":"https:\/\/envioexpresso.org\/#\/schema\/logo\/image\/","url":"https:\/\/envioexpresso.org\/wp-content\/uploads\/2024\/05\/Yellow_and_White_Cute_Playful_Fun_Waffles_Food_Circle_Logo-removebg-preview.png","contentUrl":"https:\/\/envioexpresso.org\/wp-content\/uploads\/2024\/05\/Yellow_and_White_Cute_Playful_Fun_Waffles_Food_Circle_Logo-removebg-preview.png","width":500,"height":500,"caption":"Envio Expresso Inc"},"image":{"@id":"https:\/\/envioexpresso.org\/#\/schema\/logo\/image\/"},"sameAs":["https:\/\/facebook.com\/people\/Envio-Expresso-Inc\/100063706296682\/"]}]}},"_links":{"self":[{"href":"https:\/\/envioexpresso.org\/index.php?rest_route=\/wp\/v2\/pages\/15","targetHints":{"allow":["GET"]}}],"collection":[{"href":"https:\/\/envioexpresso.org\/index.php?rest_route=\/wp\/v2\/pages"}],"about":[{"href":"https:\/\/envioexpresso.org\/index.php?rest_route=\/wp\/v2\/types\/page"}],"author":[{"embeddable":true,"href":"https:\/\/envioexpresso.org\/index.php?rest_route=\/wp\/v2\/users\/1"}],"replies":[{"embeddable":true,"href":"https:\/\/envioexpresso.org\/index.php?rest_route=%2Fwp%2Fv2%2Fcomments&post=15"}],"version-history":[{"count":4,"href":"https:\/\/envioexpresso.org\/index.php?rest_route=\/wp\/v2\/pages\/15\/revisions"}],"predecessor-version":[{"id":180,"href":"https:\/\/envioexpresso.org\/index.php?rest_route=\/wp\/v2\/pages\/15\/revisions\/180"}],"wp:attachment":[{"href":"https:\/\/envioexpresso.org\/index.php?rest_route=%2Fwp%2Fv2%2Fmedia&parent=15"}],"curies":[{"name":"wp","href":"https:\/\/api.w.org\/{rel}","templated":true}]}}